{"id":800,"date":"2024-05-30T22:02:38","date_gmt":"2024-05-30T20:02:38","guid":{"rendered":"https:\/\/moncsisuti.hu\/?post_type=product&#038;p=800"},"modified":"2024-06-04T12:29:58","modified_gmt":"2024-06-04T10:29:58","slug":"nagy-isler","status":"publish","type":"product","link":"https:\/\/moncsisuti.hu\/en\/termekek\/edes-aprosutemenyek\/nagy-isler\/","title":{"rendered":"Big Isler (pcs)"},"content":{"rendered":"<p>Ingredients: <strong>flour<\/strong>, <strong>butter<\/strong>, <strong>egg<\/strong>, baking soda, sugar, nuts, strawberry jam, chocolate<br \/>\nThe price is per piece.<br \/>\nThis product should be kept in a dry and cold place.<\/p>","protected":false},"excerpt":{"rendered":"<p>\u00d6sszetev\u0151k: liszt, vaj, toj\u00e1s, s\u00fct\u0151por cukor, di\u00f3, eperlekv\u00e1r, csokol\u00e1d\u00e9 Az \u00e1r darabra \u00e9rtend\u0151. T\u00e1rol\u00e1s: sz\u00e1raz, h\u0171v\u00f6s helyen.<\/p>","protected":false},"featured_media":855,"template":"","meta":[],"product_brand":[],"product_cat":[20],"product_tag":[],"class_list":{"0":"post-800","1":"product","2":"type-product","3":"status-publish","4":"has-post-thumbnail","6":"product_cat-edes-aprosutemenyek","8":"first","9":"instock","10":"taxable","11":"shipping-taxable","12":"purchasable","13":"product-type-simple"},"_links":{"self":[{"href":"https:\/\/moncsisuti.hu\/en\/wp-json\/wp\/v2\/product\/800","targetHints":{"allow":["GET"]}}],"collection":[{"href":"https:\/\/moncsisuti.hu\/en\/wp-json\/wp\/v2\/product"}],"about":[{"href":"https:\/\/moncsisuti.hu\/en\/wp-json\/wp\/v2\/types\/product"}],"wp:featuredmedia":[{"embeddable":true,"href":"https:\/\/moncsisuti.hu\/en\/wp-json\/wp\/v2\/media\/855"}],"wp:attachment":[{"href":"https:\/\/moncsisuti.hu\/en\/wp-json\/wp\/v2\/media?parent=800"}],"wp:term":[{"taxonomy":"product_brand","embeddable":true,"href":"https:\/\/moncsisuti.hu\/en\/wp-json\/wp\/v2\/product_brand?post=800"},{"taxonomy":"product_cat","embeddable":true,"href":"https:\/\/moncsisuti.hu\/en\/wp-json\/wp\/v2\/product_cat?post=800"},{"taxonomy":"product_tag","embeddable":true,"href":"https:\/\/moncsisuti.hu\/en\/wp-json\/wp\/v2\/product_tag?post=800"}],"curies":[{"name":"wp","href":"https:\/\/api.w.org\/{rel}","templated":true}]}}