{"id":348,"date":"2023-07-22T22:46:53","date_gmt":"2023-07-22T20:46:53","guid":{"rendered":"https:\/\/moncsisuti.hu\/?page_id=348"},"modified":"2024-06-01T22:56:22","modified_gmt":"2024-06-01T20:56:22","slug":"kapcsolat","status":"publish","type":"page","link":"https:\/\/moncsisuti.hu\/en\/kapcsolat\/","title":{"rendered":"Contact"},"content":{"rendered":"\n<h4 class=\"wp-block-heading\">H\u00edvjon minket:<\/h4>\n\n\n\n<p>Nagyn\u00e9 B\u00e1nka M\u00f3nika<br><a href=\"tel:+36 20 535 6544\" data-type=\"page\" data-id=\"848\">+36 20 535 6544<\/a><br>H\u00e9ft\u0151 &#8211; P\u00e9ntek 11:00-17:00<\/p>\n\n\n\n<h4 class=\"wp-block-heading\">\u00cdrjon \u00fczenetet:<\/h4>\n\n\n<div class=\"wpforms-container wpforms-container-full\" id=\"wpforms-357\"><form id=\"wpforms-form-357\" class=\"wpforms-validate wpforms-form\" data-formid=\"357\" method=\"post\" enctype=\"multipart\/form-data\" action=\"\/en\/wp-json\/wp\/v2\/pages\/348\" data-token=\"182c4613e5843acff47b5190e9038e43\" data-token-time=\"1775407605\"><noscript class=\"wpforms-error-noscript\">Please enable JavaScript in your browser to complete this form.<\/noscript><div class=\"wpforms-field-container\"><div id=\"wpforms-357-field_0-container\" class=\"wpforms-field wpforms-field-name wpforms-one-half wpforms-first\" data-field-id=\"0\"><label class=\"wpforms-field-label wpforms-label-hide\" for=\"wpforms-357-field_0\">N\u00e9v <span class=\"wpforms-required-label\">*<\/span><\/label><input type=\"text\" id=\"wpforms-357-field_0\" class=\"wpforms-field-large wpforms-field-required\" name=\"wpforms[fields][0]\" placeholder=\"Az \u00d6n neve\" required><\/div><div id=\"wpforms-357-field_3-container\" class=\"wpforms-field wpforms-field-email wpforms-one-half\" data-field-id=\"3\"><label class=\"wpforms-field-label wpforms-label-hide\" for=\"wpforms-357-field_3\">E-mail <span class=\"wpforms-required-label\">*<\/span><\/label><input type=\"email\" id=\"wpforms-357-field_3\" class=\"wpforms-field-large wpforms-field-required\" name=\"wpforms[fields][3]\" placeholder=\"Az \u00d6n e-mail c\u00edme\" spellcheck=\"false\" required><\/div><div id=\"wpforms-357-field_4-container\" class=\"wpforms-field wpforms-field-text\" data-field-id=\"4\"><label class=\"wpforms-field-label wpforms-label-hide\" for=\"wpforms-357-field_4\">T\u00e1rgy<\/label><input type=\"text\" id=\"wpforms-357-field_4\" class=\"wpforms-field-large\" name=\"wpforms[fields][4]\" placeholder=\"T\u00e1rgy\" ><\/div><div id=\"wpforms-357-field_2-container\" class=\"wpforms-field wpforms-field-textarea\" data-field-id=\"2\"><label class=\"wpforms-field-label wpforms-label-hide\" for=\"wpforms-357-field_2\">\u00dczenet <span class=\"wpforms-required-label\">*<\/span><\/label><textarea id=\"wpforms-357-field_2\" class=\"wpforms-field-medium wpforms-field-required\" name=\"wpforms[fields][2]\" placeholder=\"Az \u00d6n \u00fczenete\" required><\/textarea><\/div><\/div><!-- .wpforms-field-container --><div class=\"wpforms-submit-container\" ><input type=\"hidden\" name=\"wpforms[id]\" value=\"357\"><input type=\"hidden\" name=\"page_title\" value=\"\"><input type=\"hidden\" name=\"page_url\" value=\"https:\/\/moncsisuti.hu\/en\/wp-json\/wp\/v2\/pages\/348\"><input type=\"hidden\" name=\"url_referer\" value=\"\"><button type=\"submit\" name=\"wpforms[submit]\" id=\"wpforms-submit-357\" class=\"wpforms-submit\" data-alt-text=\"K\u00fcld\u00e9s...\" data-submit-text=\"\u00dczenet k\u00fcld\u00e9se\" aria-live=\"assertive\" value=\"wpforms-submit\">\u00dczenet k\u00fcld\u00e9se<\/button><\/div><\/form><\/div>  <!-- .wpforms-container -->\n","protected":false},"excerpt":{"rendered":"<p>H\u00edvjon minket: Nagyn\u00e9 B\u00e1nka M\u00f3nika+36 20 535 6544H\u00e9ft\u0151 &#8211; P\u00e9ntek 11:00-17:00 \u00cdrjon \u00fczenetet:<\/p>","protected":false},"author":1,"featured_media":0,"parent":0,"menu_order":0,"comment_status":"closed","ping_status":"closed","template":"","meta":{"footnotes":""},"class_list":["post-348","page","type-page","status-publish","hentry"],"_links":{"self":[{"href":"https:\/\/moncsisuti.hu\/en\/wp-json\/wp\/v2\/pages\/348","targetHints":{"allow":["GET"]}}],"collection":[{"href":"https:\/\/moncsisuti.hu\/en\/wp-json\/wp\/v2\/pages"}],"about":[{"href":"https:\/\/moncsisuti.hu\/en\/wp-json\/wp\/v2\/types\/page"}],"author":[{"embeddable":true,"href":"https:\/\/moncsisuti.hu\/en\/wp-json\/wp\/v2\/users\/1"}],"replies":[{"embeddable":true,"href":"https:\/\/moncsisuti.hu\/en\/wp-json\/wp\/v2\/comments?post=348"}],"version-history":[{"count":21,"href":"https:\/\/moncsisuti.hu\/en\/wp-json\/wp\/v2\/pages\/348\/revisions"}],"predecessor-version":[{"id":896,"href":"https:\/\/moncsisuti.hu\/en\/wp-json\/wp\/v2\/pages\/348\/revisions\/896"}],"wp:attachment":[{"href":"https:\/\/moncsisuti.hu\/en\/wp-json\/wp\/v2\/media?parent=348"}],"curies":[{"name":"wp","href":"https:\/\/api.w.org\/{rel}","templated":true}]}}